{"id":540,"date":"2017-06-21T15:04:59","date_gmt":"2017-06-21T13:04:59","guid":{"rendered":"http:\/\/www.whatawok.com\/?post_type=product&#038;p=540"},"modified":"2025-10-13T13:46:27","modified_gmt":"2025-10-13T11:46:27","slug":"what-a-wok-pfanne","status":"publish","type":"product","link":"https:\/\/www.whatawok.com\/en\/produkt\/what-a-wok-pfanne\/","title":{"rendered":"What a WOK Pfanne"},"content":{"rendered":"<div>Die\u00a0traditionelle asiatische Wokpfanne besteht aus Stahlblech mit Holzgriff\u00a0und ist sehr robust und widerstandsf\u00e4hig. Die Wok-Pfanne hat einen Durchmesser von 35 cm und sie ist 1 mm stark. Je \u00f6fter man sie benutzt, desto besser funktioniert sie.\u00a0Kommen mal mehr Freunde zur gem\u00fctlichen WOK-Runde, ist es sehr praktisch, wenn es mehr als eine Pfanne gibt &#8230;<\/div>\n<div><\/div>\n<div>Vor dem ersten Gebrauch muss man sie daher versiegeln. Das geht ganz einfach:<\/div>\n<div>Reiben Sie die gereinigte und trockene Pfanne mit Erdnuss\u00f6l vollst\u00e4ndig (nur innen!!!) ein. Danach stellen Sie die Pfanne 5-10 min auf den hei\u00dfen Wokofen. Geschafft!<\/div>\n<div>Das eingebrannte \u00d6L sch\u00fctzt nun die Pfanne, sie ist zum Loswoken bereit. K\u00fcnftig reicht es, wenn sie nach dem Gebrauch mit Wasser ausgesp\u00fclt wird!<\/div>\n<div><\/div>\n<div>Die Pfanne wird im Set mit 5 Stk. Schmutzschutzs\u00e4cken geliefert.<\/div>\n","protected":false},"excerpt":{"rendered":"<p>Wokpfanne aus robustem Eisen<\/p>\n","protected":false},"featured_media":545,"comment_status":"closed","ping_status":"closed","template":"","meta":[],"_links":{"self":[{"href":"https:\/\/www.whatawok.com\/en\/wp-json\/wp\/v2\/product\/540"}],"collection":[{"href":"https:\/\/www.whatawok.com\/en\/wp-json\/wp\/v2\/product"}],"about":[{"href":"https:\/\/www.whatawok.com\/en\/wp-json\/wp\/v2\/types\/product"}],"replies":[{"embeddable":true,"href":"https:\/\/www.whatawok.com\/en\/wp-json\/wp\/v2\/comments?post=540"}],"wp:featuredmedia":[{"embeddable":true,"href":"https:\/\/www.whatawok.com\/en\/wp-json\/wp\/v2\/media\/545"}],"wp:attachment":[{"href":"https:\/\/www.whatawok.com\/en\/wp-json\/wp\/v2\/media?parent=540"}],"curies":[{"name":"wp","href":"https:\/\/api.w.org\/{rel}","templated":true}]}}